{"id":432,"date":"2024-06-12T13:33:04","date_gmt":"2024-06-12T11:33:04","guid":{"rendered":"https:\/\/pha.rubikon-web24.at\/papierholz-austria\/ueber-uns\/"},"modified":"2026-01-20T13:50:36","modified_gmt":"2026-01-20T12:50:36","slug":"ueber-uns","status":"publish","type":"page","link":"https:\/\/www.papierholz-austria.at\/en\/papierholz-austria\/ueber-uns\/","title":{"rendered":"About us"},"content":{"rendered":"  <div id=\"standardheader-block_3eebcca1a0f0fae8180f1fde72d5ffd0\" class=\"content-row content-row-standardheader greengradiantleft trans standardheader \">\n    <div class=\"contentPart-center contentPart-center-bigger\">\n      <div class=\"contentPart-inner\">\n        <div class=\"textlayer\">\n          <h1>About us<\/h1>\n          <div class=\"teaser textInput\">\n            The link between forest owners<br \/>\r\nand the woodworking industry.          <\/div>\n        <\/div>\n          <div class=\"background\">\n                                        <img decoding=\"async\" src=\"https:\/\/www.papierholz-austria.at\/wp-content\/uploads\/2025\/02\/Waldpflege_iStock-1466652140_16zu9_-1920x900.jpg\" alt=\"\" class=\"img-standardheader\">\n                      <\/div>\n      <\/div>\n    <\/div>\n\n  <\/div>\n\n\n          <div id=\"keyfacts-block_d47ae3ca27453ac2f1666631086c8c52\" class=\"content-row content-row-keyfacts  keyfacts \">\n            <div class=\"contentPart-center\">\n                <div class=\"contentPart-inner\">\n\n                                      <div class=\"keyfactsbox trans\">\n                        <div class=\"keyfacts-zahl\">\n                                                      <span class=\"countUP\" data-count=\"6.5\">6.5<\/span>\n                                                  <\/div>\n                        <div class=\"keyfacts-text\">\n                                                      millions solid cubic metres<br \/>\r\nwood consumption (2024)                                                  <\/div>\n                    <\/div>\n                                      <div class=\"keyfactsbox trans\">\n                        <div class=\"keyfacts-zahl\">\n                                                      <span class=\"countUP\" data-count=\"19\">19<\/span>\n                                                  <\/div>\n                        <div class=\"keyfacts-text\">\n                                                      woodbuyers                                                  <\/div>\n                    <\/div>\n                                      <div class=\"keyfactsbox trans\">\n                        <div class=\"keyfacts-zahl\">\n                                                      <span class=\"countUP\" data-count=\"3\">3<\/span>\n                                                  <\/div>\n                        <div class=\"keyfacts-text\">\n                                                      office locations                                                  <\/div>\n                    <\/div>\n                                      <div class=\"keyfactsbox trans\">\n                        <div class=\"keyfacts-zahl\">\n                                                      <span class=\"countUP\" data-count=\"3\">3<\/span>\n                                                  <\/div>\n                        <div class=\"keyfacts-text\">\n                                                      wood terminals                                                  <\/div>\n                    <\/div>\n                                  <\/div>\n            <\/div>\n        <\/div>\n  \n\n    <div id=\"textbox-block_66a3d4f090a85bbc0dea70e119537779\" class=\"content-row content-row-textbox trans   textbox \">\n    <div class=\"contentPart-center\">\n      <div class=\"contentPart-inner\">\n\n        <div class=\"cpart-100 textInput  \">\n\n\n            <p>Forests are the green lungs of Austria. Besides their social and economical function they also offer protection from avalanches, floods, falling rocks, landslides and other natural dangers. Austria is one of the most densely wooded countries in the European Union.<\/p>\n<p>For a long time the domestic forestry industry has been considered an example of leading environmental achievements throughout the European Union and the world.<\/p>\n<p>To keep it up, we from PAPIERHOLZ AUSTRIA attach great importance to the origin of the wood we purchase. The wood should stem from ecologically sustainable cultivation.<\/p>\n\n\n        <\/div>\n\n\n\n      <\/div>\n    <\/div>\n  <\/div>\n  \n\n  <div id=\"textbild-block_81530ad5edcae16e8bd9ea43e2bd3ddf\" class=\"content-row content-row-textbild   textbild \">\n    <div class=\"contentPart-center\">\n      <div class=\"contentPart-inner\">\n\n        <div class=\"cpart-50 cpart-textbox trans\">\n          <div class=\"vCenter\">\n                      <h2>Our mission<\/h2>\n                    <div class=\"textbox textInput\">\n                          <p>The focus of our interest is supplying our\u00a0owners\u00a0with wood, the promotion and sustainable use of the renewable raw material, the wood, and the optimization of wood logistic services.<\/p>\n<p>PAPIERHOLZ AUSTRIA is expected to fulfill high demands. Therefore we focus on the further education of our\u00a0employees.<\/p>\n                      <\/div>\n                                      <div class=\"btn-row\">\n                <a class=\"btn btn1 btn-green\" href=\"https:\/\/www.papierholz-austria.at\/wp-content\/uploads\/2025\/10\/04-Quality-Policy-K5-R10-09-2024_ENG.pdf\" target=\"_blank\">Quality policy of Papierholz Austria<\/a>\n                        <\/div>\n                        <\/div>\n        <\/div>\n        <div class=\"cpart-50 cpart-imagebox trans\">\n                                <img decoding=\"async\" src=\"https:\/\/www.papierholz-austria.at\/wp-content\/uploads\/2024\/09\/Mission_iStock-1344923073-1200x800.jpg\" alt=\"\" class=\"img-box\">\n                  <\/div>\n\n\n      <\/div>\n    <\/div>\n  <\/div>\n\n\n    <div id=\"linklistbox-block_7920cc64845888a1965be520ab5154ea\" class=\"content-row content-row-linklistbox linklistbox \">\n        <div class=\"contentPart-center\">\n            <div class=\"contentPart-inner\">\n                <div class=\"box-linklist box-linklist-left cpart-50 trans\">\n                    <div class=\"box-linklist-inner\">\n                        <h2>\n                                                      Facts and figures                                                  <\/h2>\n                        <div class=\"infotext textInput\">\n                                                      <h2>Papierholz Austria GmbH &#8211; Company profile \/ Statistics 2024<\/h2>\n<p>In 2024 Papierholz Austria GmbH listed wood consumption of approximately 6.5 millions solid cubic metres.<\/p>\n<p>Below you will find \u2013 broken down by mills &#8211; statistics about the distribution of:<\/p>\n<ul>\n<li>sorts of wood<\/li>\n<li>mills<\/li>\n<li>source<\/li>\n<li>production and sales capacity<\/li>\n<\/ul>\n                                                                                  <div class=\"btn-more \">Mehr lesen <img decoding=\"async\" src=\"https:\/\/www.papierholz-austria.at\/wp-content\/themes\/pha\/assets\/img\/icon-arrowdown.svg\" alt=\"\" class=\"icon-arrow animateAll\"><\/div>\n                                                  <\/div>\n                        <div class=\"box-buttons\">\n                                                                                                                        <a class=\"button\" href=\"https:\/\/www.papierholz-austria.at\/wp-content\/uploads\/2025\/07\/2025-07-company-profile-BY2024.pdf\" target=\"_blank\">\n                                    Company profile by 2024  <img decoding=\"async\" src=\"https:\/\/www.papierholz-austria.at\/wp-content\/themes\/pha\/assets\/img\/icon-circlearrow.svg\" alt=\"\" class=\"img-more animateAll\">\n                                  <\/a>\n                                                                                  <\/div>\n\n                    <\/div>\n                <\/div>\n                <div class=\"box-linklist box-linklist-right cpart-50 trans \">\n                    <div class=\"box-linklist-inner\">\n                        <h2>\n                                                  <\/h2>\n                        <div class=\"infotext textInput\">\n                                                     <\/div>\n                        <div class=\"box-buttons\">\n                                                  <\/div>\n\n                    <\/div>\n                <\/div>\n            <\/div>\n        <\/div>\n    <\/div>\n\n\n    <div id=\"linklistbox-block_cc3522d2ba6a5007e57e458923011da2\" class=\"content-row content-row-linklistbox linklistbox \">\n        <div class=\"contentPart-center\">\n            <div class=\"contentPart-inner\">\n                <div class=\"box-linklist box-linklist-left cpart-50 trans\">\n                    <div class=\"box-linklist-inner\">\n                        <h2>\n                                                      Environment                                                  <\/h2>\n                        <div class=\"infotext textInput\">\n                                                      <p>PAPIERHOLZ AUSTRIA\u00b4s specialty is wood, a renewable resource. It focuses on its maintenance, use and cultivation.<\/p>\n<p><strong>We offer:<\/strong><\/p>\n<ul>\n<li><strong>Support with\u00a0<\/strong><strong>PEFC<\/strong><strong>\u00a0forest certification<\/strong><br \/>\nIndependent examiners will approve that you comply with the cultivation standards. These PEFC<sup>TM<\/sup> standards consider internationally accepted criteria that were developed by all involved interest groups. We offer corresponding information services.<br \/>\nList of PEFC<sup>TM<\/sup>\u00a0 stakeholder: <a href=\"http:\/\/www.pefc.org\">www.pefc.org<\/a><\/li>\n<li><strong>Climate protection<\/strong><br \/>\nImplementing the Kyoto-Agreement is a challenge for our company. Our forests are not the space for disposing of carbon emission. Wood, as a renewable raw material, offers a range of possibilities to fulfil these goals.<\/li>\n<\/ul>\n<p>&nbsp;<\/p>\n<p>PAPIERHOLZ AUSTRIA participates in projects to reduce emissions and to implement the Kyoto-Agreement.<\/p>\n                                                                                  <div class=\"btn-more \">Mehr lesen <img decoding=\"async\" src=\"https:\/\/www.papierholz-austria.at\/wp-content\/themes\/pha\/assets\/img\/icon-arrowdown.svg\" alt=\"\" class=\"icon-arrow animateAll\"><\/div>\n                                                  <\/div>\n                        <div class=\"box-buttons\">\n                                                  <\/div>\n\n                    <\/div>\n                <\/div>\n                <div class=\"box-linklist box-linklist-right cpart-50 trans \">\n                    <div class=\"box-linklist-inner\">\n                        <h2>\n                                                  <\/h2>\n                        <div class=\"infotext textInput\">\n                                                     <\/div>\n                        <div class=\"box-buttons\">\n                                                  <\/div>\n\n                    <\/div>\n                <\/div>\n            <\/div>\n        <\/div>\n    <\/div>\n\n\n  <div id=\"eigentumerstrukturdiagramm-block_3b94aeeb73f969cf44e1be29a0a48b9a\" class=\"content-row content-row-eigentumerstruktur content-row-eigentumerstrukturdiagramm bg_light_grey trans eigentumerstrukturdiagramm \">\n    <div class=\"contentPart-center\">\n      <div class=\"contentPart-inner\">\n        <div class=\"cpart-50 cpart-textbox trans\">\n          <div class=\"vCenter\">\n                          <h2>Ownership structure<\/h2>\n                        <div class=\"textbox textInput\">\n                              The owners of Papierholz Austria (PHA) are modern pulp and paper mills that compete internationally.                          <\/div>\n          <\/div>\n        <\/div>\n        <div class=\"cpart-50 cpart-esbox\">\n            <div id=\"eigentumerstrukturbox\" class=\"eigentumerstruktur-box\">\n              \n                    <div class=\"eigentuemeritem\">\n                                              <a class=\"link\" href=\"https:\/\/www.sappi.com\/en-us\/about-us\/locations\/mills\/gratkorn-mill\" target=\"_self\">\n                                                                                  <span class=\"prozent\">42.5<\/span>\n                                                                                  <span class=\"firma\">Sappi Austria Produktions GmbH<\/span>\n                                                                            <\/a>\n                                        <\/div>\n                \n                    <div class=\"eigentuemeritem\">\n                                              <a class=\"link\" href=\"https:\/\/www.mondigroup.com\/locations\/austria\/mondi-frantschach\/\" target=\"_self\">\n                                                                                  <span class=\"prozent\">25<\/span>\n                                                                                  <span class=\"firma\">Mondi Frantschach GmbH<\/span>\n                                                                            <\/a>\n                                        <\/div>\n                \n                    <div class=\"eigentuemeritem\">\n                                              <a class=\"link\" href=\"https:\/\/www.heinzelpoels.com\/en\/\" target=\"_self\">\n                                                                                  <span class=\"prozent\">25<\/span>\n                                                                                  <span class=\"firma\">Heinzel-Group Zellstoff P\u00f6ls AG<\/span>\n                                                                            <\/a>\n                                        <\/div>\n                \n                    <div class=\"eigentuemeritem\">\n                                              <a class=\"link\" href=\"https:\/\/www.norskeskog.at\/\" target=\"_self\">\n                                                                                  <span class=\"prozent\">7.5<\/span>\n                                                                                  <span class=\"firma\">Norske Skog Bruck GmbH<\/span>\n                                                                            <\/a>\n                                        <\/div>\n                                <div class=\"eigentumerstruktur-chart\" data-values=\"[7.5,25,25,42.5]\"><\/div>\n                <div class=\"centercircle\"><\/div>\n            <\/div>\n        <\/div>\n      <\/div>\n    <\/div>\n  <\/div>\n    <script>\n\n\n\n\n\n        function drawPieChart(piechart) {\n            if (!piechart.dataset.values) return;\n            let values = JSON.parse(piechart.dataset.values);\n            let colors = [\"#d1dda5\", \"#54493e\", \"#dcd7d3\", \"#8a9c47\", \"#FF6B35\"];\n            let acum = 0,\n                count = 0;\n            let styles = values.map(\n                segment => `${colors[count++ % colors.length]} 0 ${(acum += segment)}%`\n            );\n            piechart.style.background = `conic-gradient( ${styles.join(\",\")} )`;\n        }\n        document.querySelectorAll(\".eigentumerstruktur-chart\").forEach(piechart => drawPieChart(piechart));\n    <\/script>\n\n\n  <div id=\"woodpaper\" class=\"content-row content-row-textbild   textbild \">\n    <div class=\"contentPart-center\">\n      <div class=\"contentPart-inner\">\n\n        <div class=\"cpart-50 cpart-textbox trans\">\n          <div class=\"vCenter\">\n                      <h2>Participation in Czech wood purchasing company Wood &amp; Paper <\/h2>\n                    <div class=\"textbox textInput\">\n                          <p>Papierholz Austria GmbH (PHA) is also represented in the Czech Republic because of its stake in Wood &amp; Paper a.s.<\/p>\n<p>Wood &amp; Paper is headquartered in CZ-664 91 Ivan\u010dice and has an office in CZ-411 08 \u0160t\u011bt\u00ed. PHA was one of the three founding members in October 2000 and has been active since 1 January 2001. <strong>Today, Wood &amp; Paper is one of the leading wood purchasing companies in the Czech wood market.<\/strong><\/p>\n                      <\/div>\n                                      <div class=\"btn-row\">\n                <a class=\"btn btn1 btn-green\" href=\"https:\/\/www.wood-paper.cz\/en\/\" target=\"_blank\">Wood &amp; Paper<\/a>\n                        <\/div>\n                        <\/div>\n        <\/div>\n        <div class=\"cpart-50 cpart-imagebox trans\">\n                                <img decoding=\"async\" src=\"https:\/\/www.papierholz-austria.at\/wp-content\/uploads\/2024\/09\/Wood-Paper-Logo-1200x287.jpg\" alt=\"\" class=\"img-box\">\n                  <\/div>\n\n\n      <\/div>\n    <\/div>\n  <\/div>\n\n\n    <div id=\"ctabanner-block_f974f34828346d5577702c9335d14a3d\" class=\"content-row content-row-ctabanner trans ctabanner \">\n        <div class=\"contentPart-center contentPart-center-bigger\">\n            <div class=\"contentPart-inner\">\n                <div class=\"cat-left\">\n                    <div class=\"cta-text\">\n                        <h2>\n                          We are happy to answer your requests, suggestions and questions.                        <\/h2>\n                    <\/div>\n                                        <div class=\"btn-row\">\n                          <a class=\"btn btn-withe\" href=\"https:\/\/www.papierholz-austria.at\/en\/kontakt\/\" target=\"_self\">Contact &amp; locations<\/a>\n                      <\/div>\n                                  <\/div>\n                <div class=\"cat-right\">\n                                                          <img decoding=\"async\" src=\"https:\/\/www.papierholz-austria.at\/wp-content\/uploads\/2024\/09\/handshake-1-e1741083418709-1500x470.jpg\" alt=\"\" class=\"img-banner\">\n                                  <\/div>\n                <img decoding=\"async\" src=\"https:\/\/www.papierholz-austria.at\/wp-content\/themes\/pha\/assets\/img\/icon-phicon.svg\" alt=\"\" class=\"phicon\">\n\n\n            <\/div>\n        <\/div>\n    <\/div>\n\n\n  <div id=\"textbild-block_993b420db11ccacf9aa470b3c24deca8\" class=\"content-row content-row-textbild   textbild \">\n    <div class=\"contentPart-center\">\n      <div class=\"contentPart-inner\">\n\n        <div class=\"cpart-50 cpart-textbox trans\">\n          <div class=\"vCenter\">\n                    <div class=\"textbox textInput\">\n                      <\/div>\n                      <\/div>\n        <\/div>\n        <div class=\"cpart-50 cpart-imagebox trans\">\n                            <\/div>\n\n\n      <\/div>\n    <\/div>\n  <\/div>\n","protected":false},"excerpt":{"rendered":"","protected":false},"author":1,"featured_media":0,"parent":426,"menu_order":0,"comment_status":"closed","ping_status":"closed","template":"","meta":{"_acf_changed":false,"footnotes":""},"class_list":["post-432","page","type-page","status-publish","hentry"],"acf":[],"yoast_head":"<!-- This site is optimized with the Yoast SEO plugin v27.2 - https:\/\/yoast.com\/product\/yoast-seo-wordpress\/ -->\n<title>About us - Papierholz Austria<\/title>\n<meta name=\"robots\" content=\"index, follow, max-snippet:-1, max-image-preview:large, max-video-preview:-1\" \/>\n<link rel=\"canonical\" href=\"https:\/\/www.papierholz-austria.at\/en\/papierholz-austria\/ueber-uns\/\" \/>\n<meta property=\"og:locale\" content=\"en_US\" \/>\n<meta property=\"og:type\" content=\"article\" \/>\n<meta property=\"og:title\" content=\"About us - Papierholz Austria\" \/>\n<meta property=\"og:url\" content=\"https:\/\/www.papierholz-austria.at\/en\/papierholz-austria\/ueber-uns\/\" \/>\n<meta property=\"og:site_name\" content=\"Papierholz Austria\" \/>\n<meta property=\"article:modified_time\" content=\"2026-01-20T12:50:36+00:00\" \/>\n<meta name=\"twitter:card\" content=\"summary_large_image\" \/>\n<script type=\"application\/ld+json\" class=\"yoast-schema-graph\">{\"@context\":\"https:\/\/schema.org\",\"@graph\":[{\"@type\":\"WebPage\",\"@id\":\"https:\/\/www.papierholz-austria.at\/en\/papierholz-austria\/ueber-uns\/\",\"url\":\"https:\/\/www.papierholz-austria.at\/en\/papierholz-austria\/ueber-uns\/\",\"name\":\"About us - Papierholz Austria\",\"isPartOf\":{\"@id\":\"https:\/\/www.papierholz-austria.at\/#website\"},\"datePublished\":\"2024-06-12T11:33:04+00:00\",\"dateModified\":\"2026-01-20T12:50:36+00:00\",\"breadcrumb\":{\"@id\":\"https:\/\/www.papierholz-austria.at\/en\/papierholz-austria\/ueber-uns\/#breadcrumb\"},\"inLanguage\":\"en-US\",\"potentialAction\":[{\"@type\":\"ReadAction\",\"target\":[\"https:\/\/www.papierholz-austria.at\/en\/papierholz-austria\/ueber-uns\/\"]}]},{\"@type\":\"BreadcrumbList\",\"@id\":\"https:\/\/www.papierholz-austria.at\/en\/papierholz-austria\/ueber-uns\/#breadcrumb\",\"itemListElement\":[{\"@type\":\"ListItem\",\"position\":1,\"name\":\"Startseite\",\"item\":\"https:\/\/www.papierholz-austria.at\/en\/\"},{\"@type\":\"ListItem\",\"position\":2,\"name\":\"Papierholz Austria\",\"item\":\"https:\/\/www.papierholz-austria.at\/en\/\"},{\"@type\":\"ListItem\",\"position\":3,\"name\":\"About us\"}]},{\"@type\":\"WebSite\",\"@id\":\"https:\/\/www.papierholz-austria.at\/#website\",\"url\":\"https:\/\/www.papierholz-austria.at\/\",\"name\":\"Papierholz Austria\",\"description\":\"\",\"publisher\":{\"@id\":\"https:\/\/www.papierholz-austria.at\/#organization\"},\"potentialAction\":[{\"@type\":\"SearchAction\",\"target\":{\"@type\":\"EntryPoint\",\"urlTemplate\":\"https:\/\/www.papierholz-austria.at\/?s={search_term_string}\"},\"query-input\":{\"@type\":\"PropertyValueSpecification\",\"valueRequired\":true,\"valueName\":\"search_term_string\"}}],\"inLanguage\":\"en-US\"},{\"@type\":\"Organization\",\"@id\":\"https:\/\/www.papierholz-austria.at\/#organization\",\"name\":\"Papierholz Austria\",\"url\":\"https:\/\/www.papierholz-austria.at\/\",\"logo\":{\"@type\":\"ImageObject\",\"inLanguage\":\"en-US\",\"@id\":\"https:\/\/www.papierholz-austria.at\/#\/schema\/logo\/image\/\",\"url\":\"http:\/\/www.papierholz-austria.at\/wp-content\/uploads\/2024\/09\/logo_papierholz_austria.png\",\"contentUrl\":\"http:\/\/www.papierholz-austria.at\/wp-content\/uploads\/2024\/09\/logo_papierholz_austria.png\",\"width\":3348,\"height\":1451,\"caption\":\"Papierholz Austria\"},\"image\":{\"@id\":\"https:\/\/www.papierholz-austria.at\/#\/schema\/logo\/image\/\"}}]}<\/script>\n<!-- \/ Yoast SEO plugin. -->","yoast_head_json":{"title":"About us - Papierholz Austria","robots":{"index":"index","follow":"follow","max-snippet":"max-snippet:-1","max-image-preview":"max-image-preview:large","max-video-preview":"max-video-preview:-1"},"canonical":"https:\/\/www.papierholz-austria.at\/en\/papierholz-austria\/ueber-uns\/","og_locale":"en_US","og_type":"article","og_title":"About us - Papierholz Austria","og_url":"https:\/\/www.papierholz-austria.at\/en\/papierholz-austria\/ueber-uns\/","og_site_name":"Papierholz Austria","article_modified_time":"2026-01-20T12:50:36+00:00","twitter_card":"summary_large_image","schema":{"@context":"https:\/\/schema.org","@graph":[{"@type":"WebPage","@id":"https:\/\/www.papierholz-austria.at\/en\/papierholz-austria\/ueber-uns\/","url":"https:\/\/www.papierholz-austria.at\/en\/papierholz-austria\/ueber-uns\/","name":"About us - Papierholz Austria","isPartOf":{"@id":"https:\/\/www.papierholz-austria.at\/#website"},"datePublished":"2024-06-12T11:33:04+00:00","dateModified":"2026-01-20T12:50:36+00:00","breadcrumb":{"@id":"https:\/\/www.papierholz-austria.at\/en\/papierholz-austria\/ueber-uns\/#breadcrumb"},"inLanguage":"en-US","potentialAction":[{"@type":"ReadAction","target":["https:\/\/www.papierholz-austria.at\/en\/papierholz-austria\/ueber-uns\/"]}]},{"@type":"BreadcrumbList","@id":"https:\/\/www.papierholz-austria.at\/en\/papierholz-austria\/ueber-uns\/#breadcrumb","itemListElement":[{"@type":"ListItem","position":1,"name":"Startseite","item":"https:\/\/www.papierholz-austria.at\/en\/"},{"@type":"ListItem","position":2,"name":"Papierholz Austria","item":"https:\/\/www.papierholz-austria.at\/en\/"},{"@type":"ListItem","position":3,"name":"About us"}]},{"@type":"WebSite","@id":"https:\/\/www.papierholz-austria.at\/#website","url":"https:\/\/www.papierholz-austria.at\/","name":"Papierholz Austria","description":"","publisher":{"@id":"https:\/\/www.papierholz-austria.at\/#organization"},"potentialAction":[{"@type":"SearchAction","target":{"@type":"EntryPoint","urlTemplate":"https:\/\/www.papierholz-austria.at\/?s={search_term_string}"},"query-input":{"@type":"PropertyValueSpecification","valueRequired":true,"valueName":"search_term_string"}}],"inLanguage":"en-US"},{"@type":"Organization","@id":"https:\/\/www.papierholz-austria.at\/#organization","name":"Papierholz Austria","url":"https:\/\/www.papierholz-austria.at\/","logo":{"@type":"ImageObject","inLanguage":"en-US","@id":"https:\/\/www.papierholz-austria.at\/#\/schema\/logo\/image\/","url":"http:\/\/www.papierholz-austria.at\/wp-content\/uploads\/2024\/09\/logo_papierholz_austria.png","contentUrl":"http:\/\/www.papierholz-austria.at\/wp-content\/uploads\/2024\/09\/logo_papierholz_austria.png","width":3348,"height":1451,"caption":"Papierholz Austria"},"image":{"@id":"https:\/\/www.papierholz-austria.at\/#\/schema\/logo\/image\/"}}]}},"publishpress_future_action":{"enabled":false,"date":"2026-04-26 12:04:50","action":"change-status","newStatus":"draft","terms":[],"taxonomy":"translation_priority","extraData":[]},"publishpress_future_workflow_manual_trigger":{"enabledWorkflows":[]},"_links":{"self":[{"href":"https:\/\/www.papierholz-austria.at\/en\/wp-json\/wp\/v2\/pages\/432","targetHints":{"allow":["GET"]}}],"collection":[{"href":"https:\/\/www.papierholz-austria.at\/en\/wp-json\/wp\/v2\/pages"}],"about":[{"href":"https:\/\/www.papierholz-austria.at\/en\/wp-json\/wp\/v2\/types\/page"}],"author":[{"embeddable":true,"href":"https:\/\/www.papierholz-austria.at\/en\/wp-json\/wp\/v2\/users\/1"}],"replies":[{"embeddable":true,"href":"https:\/\/www.papierholz-austria.at\/en\/wp-json\/wp\/v2\/comments?post=432"}],"version-history":[{"count":5,"href":"https:\/\/www.papierholz-austria.at\/en\/wp-json\/wp\/v2\/pages\/432\/revisions"}],"predecessor-version":[{"id":4071,"href":"https:\/\/www.papierholz-austria.at\/en\/wp-json\/wp\/v2\/pages\/432\/revisions\/4071"}],"up":[{"embeddable":true,"href":"https:\/\/www.papierholz-austria.at\/en\/wp-json\/wp\/v2\/pages\/426"}],"wp:attachment":[{"href":"https:\/\/www.papierholz-austria.at\/en\/wp-json\/wp\/v2\/media?parent=432"}],"curies":[{"name":"wp","href":"https:\/\/api.w.org\/{rel}","templated":true}]}}