{"id":3186,"date":"2024-09-16T13:10:35","date_gmt":"2024-09-16T11:10:35","guid":{"rendered":"https:\/\/www.papierholz-austria.at\/lieferanten\/lieferbedingungen\/"},"modified":"2025-10-08T15:51:32","modified_gmt":"2025-10-08T13:51:32","slug":"lieferbedingungen","status":"publish","type":"page","link":"https:\/\/www.papierholz-austria.at\/en\/lieferbedingungen\/","title":{"rendered":"Terms of delivery"},"content":{"rendered":"  <div id=\"standardheader-block_9df1a914dcddf180c0bb16f970147aa9\" class=\"content-row content-row-standardheader greengradiantleft trans standardheader \">\n    <div class=\"contentPart-center contentPart-center-bigger\">\n      <div class=\"contentPart-inner\">\n        <div class=\"textlayer\">\n          <h1>Terms of delivery<\/h1>\n          <div class=\"teaser textInput\">\n            Here you will find our general (ALB) and special (BLB) wood purchasing and delivery conditions, as well as the general terms and conditions of work.          <\/div>\n        <\/div>\n          <div class=\"background\">\n                                        <img decoding=\"async\" src=\"https:\/\/www.papierholz-austria.at\/wp-content\/uploads\/2024\/09\/Wissen-u-nuetzliche-Links_iStock-1363689354-1920x900.jpg\" alt=\"\" class=\"img-standardheader\">\n                      <\/div>\n      <\/div>\n    <\/div>\n\n  <\/div>\n\n\n  \n\n    <div id=\"linklistbox-block_8380da8ec044b882cd315b9c5e2a8858\" class=\"content-row content-row-linklistbox linklistbox \">\n        <div class=\"contentPart-center\">\n            <div class=\"contentPart-inner\">\n                <div class=\"box-linklist box-linklist-left cpart-50 trans\">\n                    <div class=\"box-linklist-inner\">\n                        <h2>\n                                                      English                                                  <\/h2>\n                        <div class=\"infotext textInput\">\n                                                                            <\/div>\n                        <div class=\"box-buttons\">\n                                                                                                                        <a class=\"button\" href=\"https:\/\/www.papierholz-austria.at\/wp-content\/uploads\/2024\/09\/EN_1_CERT-ALB_Gen-Wood-Procurement-and-Delivery-Conditions_.pdf\" target=\"_blank\">\n                                    General Wood Procurement and Delivery Conditions  <img decoding=\"async\" src=\"https:\/\/www.papierholz-austria.at\/wp-content\/themes\/pha\/assets\/img\/icon-circlearrow.svg\" alt=\"\" class=\"img-more animateAll\">\n                                  <\/a>\n                                                                                                                                                        <a class=\"button\" href=\"https:\/\/www.papierholz-austria.at\/wp-content\/uploads\/2023\/07\/EN_2_CERT-ALB_Gen-Wood-Sale-and-Delivery-Conditions_.pdf\" target=\"_blank\">\n                                    General Wood Sale and Delivery Conditions  <img decoding=\"async\" src=\"https:\/\/www.papierholz-austria.at\/wp-content\/themes\/pha\/assets\/img\/icon-circlearrow.svg\" alt=\"\" class=\"img-more animateAll\">\n                                  <\/a>\n                                                                                                                                                        <a class=\"button\" href=\"https:\/\/www.papierholz-austria.at\/wp-content\/uploads\/2024\/09\/BLB-Biomasse-ab-01-07-17_EN.pdf\" target=\"_blank\">\n                                    Conditions of Purchase and Delivery of Biomass  <img decoding=\"async\" src=\"https:\/\/www.papierholz-austria.at\/wp-content\/themes\/pha\/assets\/img\/icon-circlearrow.svg\" alt=\"\" class=\"img-more animateAll\">\n                                  <\/a>\n                                                                                                                                                        <a class=\"button\" href=\"https:\/\/www.papierholz-austria.at\/wp-content\/uploads\/2024\/09\/BLB-Hgt-ab-01-07-17_EN.pdf\" target=\"_blank\">\n                                    Conditions of Purchase and Delivery of Wood Chips  <img decoding=\"async\" src=\"https:\/\/www.papierholz-austria.at\/wp-content\/themes\/pha\/assets\/img\/icon-circlearrow.svg\" alt=\"\" class=\"img-more animateAll\">\n                                  <\/a>\n                                                                                                                                                        <a class=\"button\" href=\"https:\/\/www.papierholz-austria.at\/wp-content\/uploads\/2024\/09\/BLB-IRH-ab-01-07-17_EN.pdf\" target=\"_blank\">\n                                    Conditions of Purchase and Delivery of Industrial Wood  <img decoding=\"async\" src=\"https:\/\/www.papierholz-austria.at\/wp-content\/themes\/pha\/assets\/img\/icon-circlearrow.svg\" alt=\"\" class=\"img-more animateAll\">\n                                  <\/a>\n                                                                                                                                                        <a class=\"button\" href=\"https:\/\/www.papierholz-austria.at\/wp-content\/uploads\/2024\/09\/BLB-SRH-ab-01-07-17_EN.pdf\" target=\"_blank\">\n                                    Conditions of Purchase and Delivery of Saw Logs  <img decoding=\"async\" src=\"https:\/\/www.papierholz-austria.at\/wp-content\/themes\/pha\/assets\/img\/icon-circlearrow.svg\" alt=\"\" class=\"img-more animateAll\">\n                                  <\/a>\n                                                                                                                                                        <a class=\"button\" href=\"https:\/\/www.papierholz-austria.at\/wp-content\/uploads\/2023\/07\/Datenschutzmitteilung-Lieferanten-final-07-18-english.pdf\" target=\"_blank\">\n                                    Data Protection Notification for Suppliers  <img decoding=\"async\" src=\"https:\/\/www.papierholz-austria.at\/wp-content\/themes\/pha\/assets\/img\/icon-circlearrow.svg\" alt=\"\" class=\"img-more animateAll\">\n                                  <\/a>\n                                                                                  <\/div>\n\n                    <\/div>\n                <\/div>\n                <div class=\"box-linklist box-linklist-right cpart-50 trans \">\n                    <div class=\"box-linklist-inner\">\n                        <h2>\n                                                  <\/h2>\n                        <div class=\"infotext textInput\">\n                                                     <\/div>\n                        <div class=\"box-buttons\">\n                                                  <\/div>\n\n                    <\/div>\n                <\/div>\n            <\/div>\n        <\/div>\n    <\/div>\n\n\n    <div id=\"linklistbox-block_72c67cdebba65cc6ae4e7031be6d83e1\" class=\"content-row content-row-linklistbox linklistbox \">\n        <div class=\"contentPart-center\">\n            <div class=\"contentPart-inner\">\n                <div class=\"box-linklist box-linklist-left cpart-50 trans\">\n                    <div class=\"box-linklist-inner\">\n                        <h2>\n                                                      German                                                  <\/h2>\n                        <div class=\"infotext textInput\">\n                                                                            <\/div>\n                        <div class=\"box-buttons\">\n                                                                                                                        <a class=\"button\" href=\"https:\/\/www.papierholz-austria.at\/wp-content\/uploads\/2025\/01\/Allgemeine-HolzEINKAUFS-und-Lieferbedingungen-ab-1.12.2024_FINAL.pdf\" target=\"_blank\">\n                                    Allgemeine HolzEINKAUFS- und Lieferbedingungen  <img decoding=\"async\" src=\"https:\/\/www.papierholz-austria.at\/wp-content\/themes\/pha\/assets\/img\/icon-circlearrow.svg\" alt=\"\" class=\"img-more animateAll\">\n                                  <\/a>\n                                                                                                                                                        <a class=\"button\" href=\"https:\/\/www.papierholz-austria.at\/wp-content\/uploads\/2025\/01\/Allgemeine-HolzVERKAUFS-und-Lieferbedingungen-ab-1.12.2024-FINAL.pdf\" target=\"_blank\">\n                                    Allgemeine HolzVERKAUFS- und Lieferbedingungen  <img decoding=\"async\" src=\"https:\/\/www.papierholz-austria.at\/wp-content\/themes\/pha\/assets\/img\/icon-circlearrow.svg\" alt=\"\" class=\"img-more animateAll\">\n                                  <\/a>\n                                                                                                                                                        <a class=\"button\" href=\"https:\/\/www.papierholz-austria.at\/wp-content\/uploads\/2024\/09\/BLB-Biomasse-ab-01-07-17.pdf\" target=\"_blank\">\n                                    Holzeinkaufs- und Lieferbedingungen f\u00fcr Biomasse  <img decoding=\"async\" src=\"https:\/\/www.papierholz-austria.at\/wp-content\/themes\/pha\/assets\/img\/icon-circlearrow.svg\" alt=\"\" class=\"img-more animateAll\">\n                                  <\/a>\n                                                                                                                                                        <a class=\"button\" href=\"https:\/\/www.papierholz-austria.at\/wp-content\/uploads\/2023\/07\/BLB-Hgt-ab-01-07-17.pdf\" target=\"_blank\">\n                                    Holzeinkaufs- und Lieferbedingungen f\u00fcr Hackgut  <img decoding=\"async\" src=\"https:\/\/www.papierholz-austria.at\/wp-content\/themes\/pha\/assets\/img\/icon-circlearrow.svg\" alt=\"\" class=\"img-more animateAll\">\n                                  <\/a>\n                                                                                                                                                        <a class=\"button\" href=\"https:\/\/www.papierholz-austria.at\/wp-content\/uploads\/2023\/07\/BLB-IRH-ab-01-07-17.pdf\" target=\"_blank\">\n                                    Holzeinkaufs- und Lieferbedingungen f\u00fcr Industrierundholz  <img decoding=\"async\" src=\"https:\/\/www.papierholz-austria.at\/wp-content\/themes\/pha\/assets\/img\/icon-circlearrow.svg\" alt=\"\" class=\"img-more animateAll\">\n                                  <\/a>\n                                                                                                                                                        <a class=\"button\" href=\"https:\/\/www.papierholz-austria.at\/wp-content\/uploads\/2023\/07\/BLB-SRH-ab-01-07-17.pdf\" target=\"_blank\">\n                                    Holzeinkaufs- und Lieferbedingungen f\u00fcr S\u00e4gerundholz  <img decoding=\"async\" src=\"https:\/\/www.papierholz-austria.at\/wp-content\/themes\/pha\/assets\/img\/icon-circlearrow.svg\" alt=\"\" class=\"img-more animateAll\">\n                                  <\/a>\n                                                                                                                                                        <a class=\"button\" href=\"https:\/\/www.papierholz-austria.at\/wp-content\/uploads\/2024\/09\/WerkvertragLieferbedingungenab01072017.pdf\" target=\"_blank\">\n                                    Allgemeine Werkvertragsbedingungen  <img decoding=\"async\" src=\"https:\/\/www.papierholz-austria.at\/wp-content\/themes\/pha\/assets\/img\/icon-circlearrow.svg\" alt=\"\" class=\"img-more animateAll\">\n                                  <\/a>\n                                                                                                                                                        <a class=\"button\" href=\"https:\/\/www.papierholz-austria.at\/wp-content\/uploads\/2024\/09\/Datenschutzmitteilung-Lieferanten-final-26-07-18-deutsch.pdf\" target=\"_blank\">\n                                    Datenschutzmitteilung f\u00fcr Lieferanten  <img decoding=\"async\" src=\"https:\/\/www.papierholz-austria.at\/wp-content\/themes\/pha\/assets\/img\/icon-circlearrow.svg\" alt=\"\" class=\"img-more animateAll\">\n                                  <\/a>\n                                                                                                                                                        <a class=\"button\" href=\"https:\/\/www.papierholz-austria.at\/wp-content\/uploads\/2024\/09\/Anschreiben_Lieferanten_inkl._Gegenbuerstellung_DE-1.pdf\" target=\"_blank\">\n                                    Infoschreiben an Lieferanten mit Gegen\u00fcberstellung von alter zu neuer Version der Holzeinkaufs- und Lieferbedingungen  <img decoding=\"async\" src=\"https:\/\/www.papierholz-austria.at\/wp-content\/themes\/pha\/assets\/img\/icon-circlearrow.svg\" alt=\"\" class=\"img-more animateAll\">\n                                  <\/a>\n                                                                                                                                                                          <\/div>\n\n                    <\/div>\n                <\/div>\n                <div class=\"box-linklist box-linklist-right cpart-50 trans \">\n                    <div class=\"box-linklist-inner\">\n                        <h2>\n                                                  <\/h2>\n                        <div class=\"infotext textInput\">\n                                                     <\/div>\n                        <div class=\"box-buttons\">\n                                                  <\/div>\n\n                    <\/div>\n                <\/div>\n            <\/div>\n        <\/div>\n    <\/div>\n\n\n    <div id=\"linklistbox-block_3393dd669bcc60bed4404e2637a3f29e\" class=\"content-row content-row-linklistbox linklistbox \">\n        <div class=\"contentPart-center\">\n            <div class=\"contentPart-inner\">\n                <div class=\"box-linklist box-linklist-left cpart-50 trans\">\n                    <div class=\"box-linklist-inner\">\n                        <h2>\n                                                      Hungarian                                                  <\/h2>\n                        <div class=\"infotext textInput\">\n                                                                            <\/div>\n                        <div class=\"box-buttons\">\n                                                                                                                        <a class=\"button\" href=\"https:\/\/www.papierholz-austria.at\/wp-content\/uploads\/2024\/09\/PHA-Altalanos-fabeszerzesi-es-szallitasi-feltetelei_.pdf\" target=\"_blank\">\n                                    Altal\u00e1nos fabeszerz\u00e9si \u00e9s sz\u00e1ll\u00edt\u00e1si felt\u00e9telei  <img decoding=\"async\" src=\"https:\/\/www.papierholz-austria.at\/wp-content\/themes\/pha\/assets\/img\/icon-circlearrow.svg\" alt=\"\" class=\"img-more animateAll\">\n                                  <\/a>\n                                                                                                                                                        <a class=\"button\" href=\"https:\/\/www.papierholz-austria.at\/wp-content\/uploads\/2024\/09\/PHA-Biomasszara_.pdf\" target=\"_blank\">\n                                    Fa beszerz\u00e9si \u00e9s sz\u00e1ll\u00edt\u00e1si felt\u00e9telek \u2013 biomassza  <img decoding=\"async\" src=\"https:\/\/www.papierholz-austria.at\/wp-content\/themes\/pha\/assets\/img\/icon-circlearrow.svg\" alt=\"\" class=\"img-more animateAll\">\n                                  <\/a>\n                                                                                                                                                        <a class=\"button\" href=\"https:\/\/www.papierholz-austria.at\/wp-content\/uploads\/2024\/09\/PHA-Iparifara_.pdf\" target=\"_blank\">\n                                    Fa beszerz\u00e9si \u00e9s sz\u00e1ll\u00edt\u00e1si felt\u00e9telek \u2013 iparifa  <img decoding=\"async\" src=\"https:\/\/www.papierholz-austria.at\/wp-content\/themes\/pha\/assets\/img\/icon-circlearrow.svg\" alt=\"\" class=\"img-more animateAll\">\n                                  <\/a>\n                                                                                                                                                        <a class=\"button\" href=\"https:\/\/www.papierholz-austria.at\/wp-content\/uploads\/2024\/09\/PHA-Fureszronkfara_.pdf\" target=\"_blank\">\n                                    Fa beszerz\u00e9si \u00e9s sz\u00e1ll\u00edt\u00e1si felt\u00e9telek \u2013 f\u0171r\u00e9szr\u00f6nk  <img decoding=\"async\" src=\"https:\/\/www.papierholz-austria.at\/wp-content\/themes\/pha\/assets\/img\/icon-circlearrow.svg\" alt=\"\" class=\"img-more animateAll\">\n                                  <\/a>\n                                                                                                                                                        <a class=\"button\" href=\"https:\/\/www.papierholz-austria.at\/wp-content\/uploads\/2024\/09\/PHA-Adatvedelmi-Tajekoztato-beszallitoi-reszere_.pdf\" target=\"_blank\">\n                                    Adatv\u00e9delmi t\u00e1j\u00e9koztat\u00f3 besz\u00e1ll\u00edt\u00f3i r\u00e9sz\u00e9re  <img decoding=\"async\" src=\"https:\/\/www.papierholz-austria.at\/wp-content\/themes\/pha\/assets\/img\/icon-circlearrow.svg\" alt=\"\" class=\"img-more animateAll\">\n                                  <\/a>\n                                                                                  <\/div>\n\n                    <\/div>\n                <\/div>\n                <div class=\"box-linklist box-linklist-right cpart-50 trans \">\n                    <div class=\"box-linklist-inner\">\n                        <h2>\n                                                  <\/h2>\n                        <div class=\"infotext textInput\">\n                                                     <\/div>\n                        <div class=\"box-buttons\">\n                                                  <\/div>\n\n                    <\/div>\n                <\/div>\n            <\/div>\n        <\/div>\n    <\/div>\n","protected":false},"excerpt":{"rendered":"","protected":false},"author":3,"featured_media":0,"parent":0,"menu_order":0,"comment_status":"closed","ping_status":"closed","template":"","meta":{"_acf_changed":false,"footnotes":""},"class_list":["post-3186","page","type-page","status-publish","hentry"],"acf":[],"yoast_head":"<!-- This site is optimized with the Yoast SEO plugin v27.4 - https:\/\/yoast.com\/product\/yoast-seo-wordpress\/ -->\n<title>Terms of delivery - Papierholz Austria<\/title>\n<meta name=\"robots\" content=\"index, follow, max-snippet:-1, max-image-preview:large, max-video-preview:-1\" \/>\n<link rel=\"canonical\" href=\"https:\/\/www.papierholz-austria.at\/en\/lieferanten__trashed\/lieferbedingungen\/\" \/>\n<meta property=\"og:locale\" content=\"en_US\" \/>\n<meta property=\"og:type\" content=\"article\" \/>\n<meta property=\"og:title\" content=\"Terms of delivery - Papierholz Austria\" \/>\n<meta property=\"og:url\" content=\"https:\/\/www.papierholz-austria.at\/en\/lieferanten__trashed\/lieferbedingungen\/\" \/>\n<meta property=\"og:site_name\" content=\"Papierholz Austria\" \/>\n<meta property=\"article:modified_time\" content=\"2025-10-08T13:51:32+00:00\" \/>\n<meta name=\"twitter:card\" content=\"summary_large_image\" \/>\n<script type=\"application\/ld+json\" class=\"yoast-schema-graph\">{\"@context\":\"https:\\\/\\\/schema.org\",\"@graph\":[{\"@type\":\"WebPage\",\"@id\":\"https:\\\/\\\/www.papierholz-austria.at\\\/en\\\/lieferanten__trashed\\\/lieferbedingungen\\\/\",\"url\":\"https:\\\/\\\/www.papierholz-austria.at\\\/en\\\/lieferanten__trashed\\\/lieferbedingungen\\\/\",\"name\":\"Terms of delivery - Papierholz Austria\",\"isPartOf\":{\"@id\":\"https:\\\/\\\/www.papierholz-austria.at\\\/#website\"},\"datePublished\":\"2024-09-16T11:10:35+00:00\",\"dateModified\":\"2025-10-08T13:51:32+00:00\",\"breadcrumb\":{\"@id\":\"https:\\\/\\\/www.papierholz-austria.at\\\/en\\\/lieferanten__trashed\\\/lieferbedingungen\\\/#breadcrumb\"},\"inLanguage\":\"en-US\",\"potentialAction\":[{\"@type\":\"ReadAction\",\"target\":[\"https:\\\/\\\/www.papierholz-austria.at\\\/en\\\/lieferanten__trashed\\\/lieferbedingungen\\\/\"]}]},{\"@type\":\"BreadcrumbList\",\"@id\":\"https:\\\/\\\/www.papierholz-austria.at\\\/en\\\/lieferanten__trashed\\\/lieferbedingungen\\\/#breadcrumb\",\"itemListElement\":[{\"@type\":\"ListItem\",\"position\":1,\"name\":\"Startseite\",\"item\":\"https:\\\/\\\/www.papierholz-austria.at\\\/en\\\/\"},{\"@type\":\"ListItem\",\"position\":2,\"name\":\"Terms of delivery\"}]},{\"@type\":\"WebSite\",\"@id\":\"https:\\\/\\\/www.papierholz-austria.at\\\/#website\",\"url\":\"https:\\\/\\\/www.papierholz-austria.at\\\/\",\"name\":\"Papierholz Austria\",\"description\":\"\",\"publisher\":{\"@id\":\"https:\\\/\\\/www.papierholz-austria.at\\\/#organization\"},\"potentialAction\":[{\"@type\":\"SearchAction\",\"target\":{\"@type\":\"EntryPoint\",\"urlTemplate\":\"https:\\\/\\\/www.papierholz-austria.at\\\/?s={search_term_string}\"},\"query-input\":{\"@type\":\"PropertyValueSpecification\",\"valueRequired\":true,\"valueName\":\"search_term_string\"}}],\"inLanguage\":\"en-US\"},{\"@type\":\"Organization\",\"@id\":\"https:\\\/\\\/www.papierholz-austria.at\\\/#organization\",\"name\":\"Papierholz Austria\",\"url\":\"https:\\\/\\\/www.papierholz-austria.at\\\/\",\"logo\":{\"@type\":\"ImageObject\",\"inLanguage\":\"en-US\",\"@id\":\"https:\\\/\\\/www.papierholz-austria.at\\\/#\\\/schema\\\/logo\\\/image\\\/\",\"url\":\"http:\\\/\\\/www.papierholz-austria.at\\\/wp-content\\\/uploads\\\/2024\\\/09\\\/logo_papierholz_austria.png\",\"contentUrl\":\"http:\\\/\\\/www.papierholz-austria.at\\\/wp-content\\\/uploads\\\/2024\\\/09\\\/logo_papierholz_austria.png\",\"width\":3348,\"height\":1451,\"caption\":\"Papierholz Austria\"},\"image\":{\"@id\":\"https:\\\/\\\/www.papierholz-austria.at\\\/#\\\/schema\\\/logo\\\/image\\\/\"}}]}<\/script>\n<!-- \/ Yoast SEO plugin. -->","yoast_head_json":{"title":"Terms of delivery - Papierholz Austria","robots":{"index":"index","follow":"follow","max-snippet":"max-snippet:-1","max-image-preview":"max-image-preview:large","max-video-preview":"max-video-preview:-1"},"canonical":"https:\/\/www.papierholz-austria.at\/en\/lieferanten__trashed\/lieferbedingungen\/","og_locale":"en_US","og_type":"article","og_title":"Terms of delivery - Papierholz Austria","og_url":"https:\/\/www.papierholz-austria.at\/en\/lieferanten__trashed\/lieferbedingungen\/","og_site_name":"Papierholz Austria","article_modified_time":"2025-10-08T13:51:32+00:00","twitter_card":"summary_large_image","schema":{"@context":"https:\/\/schema.org","@graph":[{"@type":"WebPage","@id":"https:\/\/www.papierholz-austria.at\/en\/lieferanten__trashed\/lieferbedingungen\/","url":"https:\/\/www.papierholz-austria.at\/en\/lieferanten__trashed\/lieferbedingungen\/","name":"Terms of delivery - Papierholz Austria","isPartOf":{"@id":"https:\/\/www.papierholz-austria.at\/#website"},"datePublished":"2024-09-16T11:10:35+00:00","dateModified":"2025-10-08T13:51:32+00:00","breadcrumb":{"@id":"https:\/\/www.papierholz-austria.at\/en\/lieferanten__trashed\/lieferbedingungen\/#breadcrumb"},"inLanguage":"en-US","potentialAction":[{"@type":"ReadAction","target":["https:\/\/www.papierholz-austria.at\/en\/lieferanten__trashed\/lieferbedingungen\/"]}]},{"@type":"BreadcrumbList","@id":"https:\/\/www.papierholz-austria.at\/en\/lieferanten__trashed\/lieferbedingungen\/#breadcrumb","itemListElement":[{"@type":"ListItem","position":1,"name":"Startseite","item":"https:\/\/www.papierholz-austria.at\/en\/"},{"@type":"ListItem","position":2,"name":"Terms of delivery"}]},{"@type":"WebSite","@id":"https:\/\/www.papierholz-austria.at\/#website","url":"https:\/\/www.papierholz-austria.at\/","name":"Papierholz Austria","description":"","publisher":{"@id":"https:\/\/www.papierholz-austria.at\/#organization"},"potentialAction":[{"@type":"SearchAction","target":{"@type":"EntryPoint","urlTemplate":"https:\/\/www.papierholz-austria.at\/?s={search_term_string}"},"query-input":{"@type":"PropertyValueSpecification","valueRequired":true,"valueName":"search_term_string"}}],"inLanguage":"en-US"},{"@type":"Organization","@id":"https:\/\/www.papierholz-austria.at\/#organization","name":"Papierholz Austria","url":"https:\/\/www.papierholz-austria.at\/","logo":{"@type":"ImageObject","inLanguage":"en-US","@id":"https:\/\/www.papierholz-austria.at\/#\/schema\/logo\/image\/","url":"http:\/\/www.papierholz-austria.at\/wp-content\/uploads\/2024\/09\/logo_papierholz_austria.png","contentUrl":"http:\/\/www.papierholz-austria.at\/wp-content\/uploads\/2024\/09\/logo_papierholz_austria.png","width":3348,"height":1451,"caption":"Papierholz Austria"},"image":{"@id":"https:\/\/www.papierholz-austria.at\/#\/schema\/logo\/image\/"}}]}},"publishpress_future_action":{"enabled":false,"date":"2026-05-08 19:31:45","action":"change-status","newStatus":"draft","terms":[],"taxonomy":"translation_priority","extraData":[]},"publishpress_future_workflow_manual_trigger":{"enabledWorkflows":[]},"_links":{"self":[{"href":"https:\/\/www.papierholz-austria.at\/en\/wp-json\/wp\/v2\/pages\/3186","targetHints":{"allow":["GET"]}}],"collection":[{"href":"https:\/\/www.papierholz-austria.at\/en\/wp-json\/wp\/v2\/pages"}],"about":[{"href":"https:\/\/www.papierholz-austria.at\/en\/wp-json\/wp\/v2\/types\/page"}],"author":[{"embeddable":true,"href":"https:\/\/www.papierholz-austria.at\/en\/wp-json\/wp\/v2\/users\/3"}],"replies":[{"embeddable":true,"href":"https:\/\/www.papierholz-austria.at\/en\/wp-json\/wp\/v2\/comments?post=3186"}],"version-history":[{"count":5,"href":"https:\/\/www.papierholz-austria.at\/en\/wp-json\/wp\/v2\/pages\/3186\/revisions"}],"predecessor-version":[{"id":4008,"href":"https:\/\/www.papierholz-austria.at\/en\/wp-json\/wp\/v2\/pages\/3186\/revisions\/4008"}],"wp:attachment":[{"href":"https:\/\/www.papierholz-austria.at\/en\/wp-json\/wp\/v2\/media?parent=3186"}],"curies":[{"name":"wp","href":"https:\/\/api.w.org\/{rel}","templated":true}]}}